{"id":300,"date":"2023-09-26T10:55:38","date_gmt":"2023-09-26T13:55:38","guid":{"rendered":"https:\/\/leandrotransporteses.com.br\/?page_id=300"},"modified":"2023-09-27T18:53:24","modified_gmt":"2023-09-27T21:53:24","slug":"sobre-nos","status":"publish","type":"page","link":"https:\/\/leandrotransporteses.com.br\/pt_br\/sobre-nos\/","title":{"rendered":"Sobre n\u00f3s"},"content":{"rendered":"\t\t<div data-elementor-type=\"wp-page\" data-elementor-id=\"300\" class=\"elementor elementor-300\" data-elementor-post-type=\"page\">\n\t\t\t\t<div class=\"elementor-element elementor-element-f66ca4f e-flex e-con-boxed e-con e-parent\" data-id=\"f66ca4f\" data-element_type=\"container\" data-settings=\"{&quot;background_background&quot;:&quot;classic&quot;}\">\n\t\t\t\t\t<div class=\"e-con-inner\">\n\t\t\t\t\t<\/div>\n\t\t\t\t<\/div>\n\t\t<div class=\"elementor-element elementor-element-95a62fd e-flex e-con-boxed e-con e-parent\" data-id=\"95a62fd\" data-element_type=\"container\">\n\t\t\t\t\t<div class=\"e-con-inner\">\n\t\t<div class=\"elementor-element elementor-element-6b7c7a0 e-con-full e-flex e-con e-parent\" data-id=\"6b7c7a0\" data-element_type=\"container\">\n\t\t\t\t<div class=\"elementor-element elementor-element-732e5fe elementor-widget elementor-widget-text-editor\" data-id=\"732e5fe\" data-element_type=\"widget\" data-widget_type=\"text-editor.default\">\n\t\t\t\t\t\t\t\t\t<p>A empresa Leandro Transporte Escolar e Turismo surgiu em 2013 com o prop\u00f3sito de trabalhar com transporte escolar, com o passar do tempo surgiu a necessidade de aumentar a frota para atender os passageiros que buscavam realizar viagens de turismo dentro do Estado para passeios de equipes de rapel e ciclismo, festas shows e casamentos.<\/p><p>Em 2021, a empresa fechou um contrato para transportar colaboradores de Guriri e regi\u00e3o at\u00e9 Vit\u00f3ria diariamente, no qual estamos atuando at\u00e9 a presente data com viagens di\u00e1ria para Vit\u00f3ria.<\/p><p>Nosso objetivo \u00e9 transportar as pessoas com conforto, seguran\u00e7a\u00a0e\u00a0pontualidade.<\/p>\t\t\t\t\t\t\t\t<\/div>\n\t\t\t\t<\/div>\n\t\t<div class=\"elementor-element elementor-element-982900c e-con-full e-flex e-con e-parent\" data-id=\"982900c\" data-element_type=\"container\">\n\t\t\t\t<div class=\"elementor-element elementor-element-ed5bd5a elementor-widget elementor-widget-heading\" data-id=\"ed5bd5a\" data-element_type=\"widget\" data-widget_type=\"heading.default\">\n\t\t\t\t\t<h2 class=\"elementor-heading-title elementor-size-default\">Fa\u00e7a parte:<\/h2>\t\t\t\t<\/div>\n\t\t\t\t<div class=\"elementor-element elementor-element-7851d7b elementor-button-align-stretch elementor-widget elementor-widget-form\" data-id=\"7851d7b\" data-element_type=\"widget\" data-settings=\"{&quot;step_next_label&quot;:&quot;Next&quot;,&quot;step_previous_label&quot;:&quot;Previous&quot;,&quot;button_width&quot;:&quot;100&quot;,&quot;step_type&quot;:&quot;number_text&quot;,&quot;step_icon_shape&quot;:&quot;circle&quot;}\" data-widget_type=\"form.default\">\n\t\t\t\t\t\t\t<form class=\"elementor-form\" method=\"post\" name=\"New Form\">\n\t\t\t<input type=\"hidden\" name=\"post_id\" value=\"300\"\/>\n\t\t\t<input type=\"hidden\" name=\"form_id\" value=\"7851d7b\"\/>\n\t\t\t<input type=\"hidden\" name=\"referer_title\" value=\"Sobre n\u00f3s\" \/>\n\n\t\t\t\t\t\t\t<input type=\"hidden\" name=\"queried_id\" value=\"300\"\/>\n\t\t\t\n\t\t\t<div class=\"elementor-form-fields-wrapper elementor-labels-above\">\n\t\t\t\t\t\t\t\t<div class=\"elementor-field-type-text elementor-field-group elementor-column elementor-field-group-name elementor-col-100\">\n\t\t\t\t\t\t\t\t\t\t\t\t<label for=\"form-field-name\" class=\"elementor-field-label\">\n\t\t\t\t\t\t\t\tNome\t\t\t\t\t\t\t<\/label>\n\t\t\t\t\t\t\t\t\t\t\t\t\t\t<input size=\"1\" type=\"text\" name=\"form_fields[name]\" id=\"form-field-name\" class=\"elementor-field elementor-size-sm  elementor-field-textual\" placeholder=\"Nome\">\n\t\t\t\t\t\t\t\t\t\t\t<\/div>\n\t\t\t\t\t\t\t\t<div class=\"elementor-field-type-email elementor-field-group elementor-column elementor-field-group-email elementor-col-100 elementor-field-required\">\n\t\t\t\t\t\t\t\t\t\t\t\t<label for=\"form-field-email\" class=\"elementor-field-label\">\n\t\t\t\t\t\t\t\tEmail\t\t\t\t\t\t\t<\/label>\n\t\t\t\t\t\t\t\t\t\t\t\t\t\t<input size=\"1\" type=\"email\" name=\"form_fields[email]\" id=\"form-field-email\" class=\"elementor-field elementor-size-sm  elementor-field-textual\" placeholder=\"Email\" required=\"required\">\n\t\t\t\t\t\t\t\t\t\t\t<\/div>\n\t\t\t\t\t\t\t\t<div class=\"elementor-field-type-textarea elementor-field-group elementor-column elementor-field-group-message elementor-col-100\">\n\t\t\t\t\t\t\t\t\t\t\t\t<label for=\"form-field-message\" class=\"elementor-field-label\">\n\t\t\t\t\t\t\t\tMessagem\t\t\t\t\t\t\t<\/label>\n\t\t\t\t\t\t<textarea class=\"elementor-field-textual elementor-field  elementor-size-sm\" name=\"form_fields[message]\" id=\"form-field-message\" rows=\"4\" placeholder=\"Messagem\"><\/textarea>\t\t\t\t<\/div>\n\t\t\t\t\t\t\t\t<div class=\"elementor-field-type-upload elementor-field-group elementor-column elementor-field-group-field_286891e elementor-col-100\">\n\t\t\t\t\t\t\t\t\t\t\t\t<label for=\"form-field-field_286891e\" class=\"elementor-field-label\">\n\t\t\t\t\t\t\t\tEnvie o seu curr\u00edculo \t\t\t\t\t\t\t<\/label>\n\t\t\t\t\t\t\t\t<input type=\"file\" name=\"form_fields[field_286891e]\" id=\"form-field-field_286891e\" class=\"elementor-field elementor-size-sm  elementor-upload-field\">\n\n\t\t\t\t\t\t<\/div>\n\t\t\t\t\t\t\t\t<div class=\"elementor-field-group elementor-column elementor-field-type-submit elementor-col-100 e-form__buttons\">\n\t\t\t\t\t<button class=\"elementor-button elementor-size-sm\" type=\"submit\">\n\t\t\t\t\t\t<span class=\"elementor-button-content-wrapper\">\n\t\t\t\t\t\t\t\t\t\t\t\t\t\t\t\t\t\t\t\t\t\t<span class=\"elementor-button-text\">Enviar<\/span>\n\t\t\t\t\t\t\t\t\t\t\t\t\t<\/span>\n\t\t\t\t\t<\/button>\n\t\t\t\t<\/div>\n\t\t\t<\/div>\n\t\t<\/form>\n\t\t\t\t\t\t<\/div>\n\t\t\t\t<\/div>\n\t\t\t\t\t<\/div>\n\t\t\t\t<\/div>\n\t\t<div class=\"elementor-element elementor-element-04441b5 e-flex e-con-boxed e-con e-parent\" data-id=\"04441b5\" data-element_type=\"container\">\n\t\t\t\t\t<div class=\"e-con-inner\">\n\t\t<div class=\"elementor-element elementor-element-eb0cf6b e-con-full e-flex e-con e-parent\" data-id=\"eb0cf6b\" data-element_type=\"container\">\n\t\t\t\t<div class=\"elementor-element elementor-element-e5a88c5 elementor-align-center elementor-widget elementor-widget-lottie\" data-id=\"e5a88c5\" data-element_type=\"widget\" data-settings=\"{&quot;source_json&quot;:{&quot;url&quot;:&quot;https:\\\/\\\/leandrotransporteses.com.br\\\/wp-content\\\/uploads\\\/2023\\\/09\\\/animation_ln1o4itk.json&quot;,&quot;id&quot;:335,&quot;size&quot;:&quot;&quot;,&quot;alt&quot;:&quot;&quot;,&quot;source&quot;:&quot;library&quot;},&quot;trigger&quot;:&quot;on_hover&quot;,&quot;loop&quot;:&quot;yes&quot;,&quot;source&quot;:&quot;media_file&quot;,&quot;caption_source&quot;:&quot;none&quot;,&quot;link_to&quot;:&quot;none&quot;,&quot;on_hover_out&quot;:&quot;default&quot;,&quot;hover_area&quot;:&quot;animation&quot;,&quot;play_speed&quot;:{&quot;unit&quot;:&quot;px&quot;,&quot;size&quot;:1,&quot;sizes&quot;:[]},&quot;start_point&quot;:{&quot;unit&quot;:&quot;%&quot;,&quot;size&quot;:0,&quot;sizes&quot;:[]},&quot;end_point&quot;:{&quot;unit&quot;:&quot;%&quot;,&quot;size&quot;:100,&quot;sizes&quot;:[]},&quot;renderer&quot;:&quot;svg&quot;}\" data-widget_type=\"lottie.default\">\n\t\t\t\t\t<div class=\"e-lottie__container\"><div class=\"e-lottie__animation\"><\/div><\/div>\t\t\t\t<\/div>\n\t\t\t\t<\/div>\n\t\t<div class=\"elementor-element elementor-element-b8d7c6a e-con-full e-flex e-con e-parent\" data-id=\"b8d7c6a\" data-element_type=\"container\">\n\t\t\t\t<\/div>\n\t\t\t\t\t<\/div>\n\t\t\t\t<\/div>\n\t\t\t\t<\/div>\n\t\t","protected":false},"excerpt":{"rendered":"<p>A empresa Leandro Transporte Escolar e Turismo surgiu em 2013 com o prop\u00f3sito de trabalhar com transporte escolar, com o passar do tempo surgiu a necessidade de aumentar a frota para atender os passageiros que buscavam realizar viagens de turismo dentro do Estado para passeios de equipes de rapel e ciclismo, festas shows e casamentos. [&hellip;]<\/p>\n","protected":false},"author":1,"featured_media":0,"parent":0,"menu_order":0,"comment_status":"closed","ping_status":"closed","template":"elementor_header_footer","meta":{"footnotes":""},"class_list":["post-300","page","type-page","status-publish","hentry"],"_links":{"self":[{"href":"https:\/\/leandrotransporteses.com.br\/pt_br\/wp-json\/wp\/v2\/pages\/300","targetHints":{"allow":["GET"]}}],"collection":[{"href":"https:\/\/leandrotransporteses.com.br\/pt_br\/wp-json\/wp\/v2\/pages"}],"about":[{"href":"https:\/\/leandrotransporteses.com.br\/pt_br\/wp-json\/wp\/v2\/types\/page"}],"author":[{"embeddable":true,"href":"https:\/\/leandrotransporteses.com.br\/pt_br\/wp-json\/wp\/v2\/users\/1"}],"replies":[{"embeddable":true,"href":"https:\/\/leandrotransporteses.com.br\/pt_br\/wp-json\/wp\/v2\/comments?post=300"}],"version-history":[{"count":18,"href":"https:\/\/leandrotransporteses.com.br\/pt_br\/wp-json\/wp\/v2\/pages\/300\/revisions"}],"predecessor-version":[{"id":499,"href":"https:\/\/leandrotransporteses.com.br\/pt_br\/wp-json\/wp\/v2\/pages\/300\/revisions\/499"}],"wp:attachment":[{"href":"https:\/\/leandrotransporteses.com.br\/pt_br\/wp-json\/wp\/v2\/media?parent=300"}],"curies":[{"name":"wp","href":"https:\/\/api.w.org\/{rel}","templated":true}]}}